{"id":3305,"date":"2022-06-09T15:11:21","date_gmt":"2022-06-09T22:11:21","guid":{"rendered":"https:\/\/seriaz.org\/es\/?page_id=3305"},"modified":"2025-06-26T12:07:05","modified_gmt":"2025-06-26T19:07:05","slug":"programa-de-empoderamiento-solar","status":"publish","type":"page","link":"https:\/\/seriaz.org\/es\/energia-sustentable\/programa-de-empoderamiento-solar\/","title":{"rendered":"Programa de empoderamiento solar"},"content":{"rendered":"\n<h2 class=\"wp-block-heading\">Haga su Hogar Eficiente Energ\u00e9ticamente con Energ\u00eda Solar<\/h2>\n\n\n\n<p>Tome el control de sus costos de energ\u00eda y apoye un futuro m\u00e1s verde con energ\u00eda solar. La energ\u00eda solar puede ayudar a reducir su factura de electricidad, disminuir la contaminaci\u00f3n y promover la independencia energ\u00e9tica. Estamos aqu\u00ed para facilitar el acceso a sistemas solares en los techos para hogares de bajo ingreso en el \u00e1rea metropolitana de Tucson, a trav\u00e9s de asociaciones con <a href=\"http:\/\/www.tfssolar.com\/\" data-type=\"URL\" data-id=\"http:\/\/www.tfssolar.com\/\" target=\"_blank\" rel=\"noreferrer noopener\"><strong>Technicians For Sustainability (TFS)<\/strong><\/a>. Juntos, ofrecemos beca dise\u00f1adas para llevar energ\u00eda solar a quienes m\u00e1s la necesitan y talleres gratuitos de empoderamiento solar, construyendo resiliencia ambiental en nuestra comunidad.<\/p>\n\n\n\n<h2 class=\"wp-block-heading\">\u00bfCalifica?<\/h2>\n\n\n\n<ul class=\"wp-block-list\">\n<li>Ingreso familiar dentro de los l\u00edmites de ingresos bajos seg\u00fan HUD (<a href=\"https:\/\/seriaz.org\/es\/tabla-de-limite-ingresos-de-hud-ano-fiscal-de-2024\/\" data-type=\"URL\" data-id=\"https:\/\/seriaz.org\/es\/tabla-de-limite-ingresos-de-hud-ano-fiscal-de-2024\/\" target=\"_blank\" rel=\"noreferrer noopener\"><strong>Tabla de L\u00edmite Ingresos de HUD A\u00f1o Fiscal de 2024<\/strong><\/a>)<\/li>\n\n\n\n<li>Due\u00f1o de su casa (excluyendo casas m\u00f3viles)<\/li>\n\n\n\n<li>Techo en buen estado y adecuado para paneles solares<\/li>\n\n\n\n<li>Impuestos de propiedad pagados hasta la fecha y cualquier pr\u00e9stamo anterior de SERI<\/li>\n<\/ul>\n\n\n\n<h2 class=\"wp-block-heading\"><strong>Documentos requeridos:<\/strong><\/h2>\n\n\n\n<ul class=\"wp-block-list\">\n<li>Fotograf\u00eda de su panel el\u00e9ctrico<\/li>\n\n\n\n<li>Factura de TEP<\/li>\n<\/ul>\n\n\n\n<h2 class=\"wp-block-heading\"><strong><strong>C\u00f3mo funciona el programa:<\/strong><\/strong><\/h2>\n\n\n\n<ul class=\"wp-block-list\">\n<li><strong>Becas:<\/strong> Hasta el 60% del costo del sistema solar si su ingreso esta debajo del 80% del ingreso familiar seg\u00fan HUD.<\/li>\n\n\n\n<li><strong>Pr\u00e9stamos:<\/strong> TFS le ayudar\u00e1 a asegurar financiamiento a trav\u00e9s de Clean Energy Credit Union, con pagos mensuales menos que sus ahorros de energ\u00eda.<\/li>\n\n\n\n<li><strong>Cr\u00e9ditos Fiscales:<\/strong> Tambi\u00e9n puede calificar para cr\u00e9ditos fiscales federales y estatales para reducir a\u00fan m\u00e1s los costos.<\/li>\n<\/ul>\n\n\n\n<h2 class=\"wp-block-heading\"><strong><strong><strong>Pr\u00f3ximos pasos:<\/strong><\/strong><\/strong><\/h2>\n\n\n\n<figure class=\"wp-block-image size-large is-resized\"><img loading=\"lazy\" decoding=\"async\" src=\"https:\/\/seriaz.org\/es\/wp-content\/uploads\/sites\/2\/2025\/06\/Solar-Empowerment-Program-infographic-steps-SERI-SPAN-1024x1024.jpg\" alt=\"Pasos para el programa de empoderamiento solar \" class=\"wp-image-4683\" width=\"768\" height=\"768\" srcset=\"https:\/\/seriaz.org\/es\/wp-content\/uploads\/sites\/2\/2025\/06\/Solar-Empowerment-Program-infographic-steps-SERI-SPAN-1024x1024.jpg 1024w, https:\/\/seriaz.org\/es\/wp-content\/uploads\/sites\/2\/2025\/06\/Solar-Empowerment-Program-infographic-steps-SERI-SPAN-300x300.jpg 300w, https:\/\/seriaz.org\/es\/wp-content\/uploads\/sites\/2\/2025\/06\/Solar-Empowerment-Program-infographic-steps-SERI-SPAN-150x150.jpg 150w, https:\/\/seriaz.org\/es\/wp-content\/uploads\/sites\/2\/2025\/06\/Solar-Empowerment-Program-infographic-steps-SERI-SPAN-768x768.jpg 768w, https:\/\/seriaz.org\/es\/wp-content\/uploads\/sites\/2\/2025\/06\/Solar-Empowerment-Program-infographic-steps-SERI-SPAN-1536x1536.jpg 1536w, https:\/\/seriaz.org\/es\/wp-content\/uploads\/sites\/2\/2025\/06\/Solar-Empowerment-Program-infographic-steps-SERI-SPAN-2048x2048.jpg 2048w, https:\/\/seriaz.org\/es\/wp-content\/uploads\/sites\/2\/2025\/06\/Solar-Empowerment-Program-infographic-steps-SERI-SPAN-1200x1200.jpg 1200w, https:\/\/seriaz.org\/es\/wp-content\/uploads\/sites\/2\/2025\/06\/Solar-Empowerment-Program-infographic-steps-SERI-SPAN-600x600.jpg 600w, https:\/\/seriaz.org\/es\/wp-content\/uploads\/sites\/2\/2025\/06\/Solar-Empowerment-Program-infographic-steps-SERI-SPAN-160x160.jpg 160w, https:\/\/seriaz.org\/es\/wp-content\/uploads\/sites\/2\/2025\/06\/Solar-Empowerment-Program-infographic-steps-SERI-SPAN-80x80.jpg 80w, https:\/\/seriaz.org\/es\/wp-content\/uploads\/sites\/2\/2025\/06\/Solar-Empowerment-Program-infographic-steps-SERI-SPAN-42x42.jpg 42w, https:\/\/seriaz.org\/es\/wp-content\/uploads\/sites\/2\/2025\/06\/Solar-Empowerment-Program-infographic-steps-SERI-SPAN-90x90.jpg 90w, https:\/\/seriaz.org\/es\/wp-content\/uploads\/sites\/2\/2025\/06\/Solar-Empowerment-Program-infographic-steps-SERI-SPAN-75x75.jpg 75w\" sizes=\"auto, (max-width: 768px) 100vw, 768px\" \/><\/figure>\n\n\n\n<figure class=\"wp-block-embed is-type-video is-provider-youtube wp-block-embed-youtube wp-embed-aspect-16-9 wp-has-aspect-ratio\"><div class=\"wp-block-embed__wrapper\">\n<iframe loading=\"lazy\" title=\"Entrevista para el programa de empoderamiento solar\" width=\"860\" height=\"484\" src=\"https:\/\/www.youtube.com\/embed\/hZ9jtWRPG9g?feature=oembed\" frameborder=\"0\" allow=\"accelerometer; autoplay; clipboard-write; encrypted-media; gyroscope; picture-in-picture; web-share\" referrerpolicy=\"strict-origin-when-cross-origin\" allowfullscreen><\/iframe>\n<\/div><\/figure>\n\n\n\t\t\t<article>\n\t\t\t\t<header>\n\t\t\t\t\t\t\t\t\t<\/header>\n\t\t\t\t<div id=\"slider_gallery3305_21920\" class=\"seriaz-slider-gallery\">\n\t\t\t\t\t\t\t\t\t\t<div class=\"slider-gallery-slide\">\n\t\t\t\t\t\t<figure>\n\t\t\t\t\t\t\t\t\t\t\t\t<img loading=\"lazy\" decoding=\"async\" width=\"300\" height=\"200\" src=\"https:\/\/seriaz.org\/es\/wp-content\/uploads\/sites\/2\/2024\/09\/DSC_0649-300x200.jpg\" class=\"slide\" alt=\"two people with solar panel\" loading=\"1\" srcset=\"https:\/\/seriaz.org\/es\/wp-content\/uploads\/sites\/2\/2024\/09\/DSC_0649-300x200.jpg 300w, https:\/\/seriaz.org\/es\/wp-content\/uploads\/sites\/2\/2024\/09\/DSC_0649-1024x683.jpg 1024w, https:\/\/seriaz.org\/es\/wp-content\/uploads\/sites\/2\/2024\/09\/DSC_0649-768x512.jpg 768w, https:\/\/seriaz.org\/es\/wp-content\/uploads\/sites\/2\/2024\/09\/DSC_0649-1536x1024.jpg 1536w, https:\/\/seriaz.org\/es\/wp-content\/uploads\/sites\/2\/2024\/09\/DSC_0649-2048x1365.jpg 2048w, https:\/\/seriaz.org\/es\/wp-content\/uploads\/sites\/2\/2024\/09\/DSC_0649-240x160.jpg 240w, https:\/\/seriaz.org\/es\/wp-content\/uploads\/sites\/2\/2024\/09\/DSC_0649-120x80.jpg 120w, https:\/\/seriaz.org\/es\/wp-content\/uploads\/sites\/2\/2024\/09\/DSC_0649-63x42.jpg 63w\" sizes=\"auto, (max-width: 300px) 100vw, 300px\" \/>\t\t\t\t\t\t \n\t\t\t\t\t\t<figcaption>\n\t\t\t\t\t\t\t\t\t\t\t\t\t\t&nbsp;<\/figcaption>\t\t\n\t\t\t\t\t\t<\/figure>\n\t\t\t\t\t<\/div>\n\t\t\t\t\t\t\t\t\t\t<div class=\"slider-gallery-slide\">\n\t\t\t\t\t\t<figure>\n\t\t\t\t\t\t\t\t\t\t\t\t<img loading=\"lazy\" decoding=\"async\" width=\"300\" height=\"172\" src=\"https:\/\/seriaz.org\/es\/wp-content\/uploads\/sites\/2\/2024\/09\/File_051-copy-300x172.png\" class=\"slide\" alt=\"File 051 copy\" loading=\"1\" srcset=\"https:\/\/seriaz.org\/es\/wp-content\/uploads\/sites\/2\/2024\/09\/File_051-copy-300x172.png 300w, https:\/\/seriaz.org\/es\/wp-content\/uploads\/sites\/2\/2024\/09\/File_051-copy-1024x588.png 1024w, https:\/\/seriaz.org\/es\/wp-content\/uploads\/sites\/2\/2024\/09\/File_051-copy-768x441.png 768w, https:\/\/seriaz.org\/es\/wp-content\/uploads\/sites\/2\/2024\/09\/File_051-copy-1536x881.png 1536w, https:\/\/seriaz.org\/es\/wp-content\/uploads\/sites\/2\/2024\/09\/File_051-copy-279x160.png 279w, https:\/\/seriaz.org\/es\/wp-content\/uploads\/sites\/2\/2024\/09\/File_051-copy-139x80.png 139w, https:\/\/seriaz.org\/es\/wp-content\/uploads\/sites\/2\/2024\/09\/File_051-copy-73x42.png 73w, https:\/\/seriaz.org\/es\/wp-content\/uploads\/sites\/2\/2024\/09\/File_051-copy.png 1551w\" sizes=\"auto, (max-width: 300px) 100vw, 300px\" \/>\t\t\t\t\t\t \n\t\t\t\t\t\t<figcaption>\n\t\t\t\t\t\t\t\t\t\t\t\t\t\t&nbsp;<\/figcaption>\t\t\n\t\t\t\t\t\t<\/figure>\n\t\t\t\t\t<\/div>\n\t\t\t\t\t\t\t\t\t\t<div class=\"slider-gallery-slide\">\n\t\t\t\t\t\t<figure>\n\t\t\t\t\t\t\t\t\t\t\t\t<img loading=\"lazy\" decoding=\"async\" width=\"300\" height=\"225\" src=\"https:\/\/seriaz.org\/es\/wp-content\/uploads\/sites\/2\/2022\/09\/20180323_135839-300x225.jpg\" class=\"slide\" alt=\"Solar panels upclose\" loading=\"1\" srcset=\"https:\/\/seriaz.org\/es\/wp-content\/uploads\/sites\/2\/2022\/09\/20180323_135839-300x225.jpg 300w, https:\/\/seriaz.org\/es\/wp-content\/uploads\/sites\/2\/2022\/09\/20180323_135839-1024x768.jpg 1024w, https:\/\/seriaz.org\/es\/wp-content\/uploads\/sites\/2\/2022\/09\/20180323_135839-768x576.jpg 768w, https:\/\/seriaz.org\/es\/wp-content\/uploads\/sites\/2\/2022\/09\/20180323_135839-1536x1152.jpg 1536w, https:\/\/seriaz.org\/es\/wp-content\/uploads\/sites\/2\/2022\/09\/20180323_135839-2048x1536.jpg 2048w, https:\/\/seriaz.org\/es\/wp-content\/uploads\/sites\/2\/2022\/09\/20180323_135839-213x160.jpg 213w, https:\/\/seriaz.org\/es\/wp-content\/uploads\/sites\/2\/2022\/09\/20180323_135839-107x80.jpg 107w, https:\/\/seriaz.org\/es\/wp-content\/uploads\/sites\/2\/2022\/09\/20180323_135839-56x42.jpg 56w, https:\/\/seriaz.org\/es\/wp-content\/uploads\/sites\/2\/2022\/09\/20180323_135839-1600x1200.jpg 1600w, https:\/\/seriaz.org\/es\/wp-content\/uploads\/sites\/2\/2022\/09\/20180323_135839-800x600.jpg 800w, https:\/\/seriaz.org\/es\/wp-content\/uploads\/sites\/2\/2022\/09\/20180323_135839-400x300.jpg 400w\" sizes=\"auto, (max-width: 300px) 100vw, 300px\" \/>\t\t\t\t\t\t \n\t\t\t\t\t\t<figcaption>\n\t\t\t\t\t\t\t\t\t\t\t\t\t\t&nbsp;<\/figcaption>\t\t\n\t\t\t\t\t\t<\/figure>\n\t\t\t\t\t<\/div>\n\t\t\t\t\t\t\t\t\t\t<div class=\"slider-gallery-slide\">\n\t\t\t\t\t\t<figure>\n\t\t\t\t\t\t\t\t\t\t\t\t<img loading=\"lazy\" decoding=\"async\" width=\"300\" height=\"198\" src=\"https:\/\/seriaz.org\/es\/wp-content\/uploads\/sites\/2\/2022\/09\/chimneysolar-300x198.jpg\" class=\"slide\" alt=\"solar panels roof\" loading=\"1\" srcset=\"https:\/\/seriaz.org\/es\/wp-content\/uploads\/sites\/2\/2022\/09\/chimneysolar-300x198.jpg 300w, https:\/\/seriaz.org\/es\/wp-content\/uploads\/sites\/2\/2022\/09\/chimneysolar-1024x677.jpg 1024w, https:\/\/seriaz.org\/es\/wp-content\/uploads\/sites\/2\/2022\/09\/chimneysolar-768x508.jpg 768w, https:\/\/seriaz.org\/es\/wp-content\/uploads\/sites\/2\/2022\/09\/chimneysolar-1536x1015.jpg 1536w, https:\/\/seriaz.org\/es\/wp-content\/uploads\/sites\/2\/2022\/09\/chimneysolar-2048x1354.jpg 2048w, https:\/\/seriaz.org\/es\/wp-content\/uploads\/sites\/2\/2022\/09\/chimneysolar-242x160.jpg 242w, https:\/\/seriaz.org\/es\/wp-content\/uploads\/sites\/2\/2022\/09\/chimneysolar-121x80.jpg 121w, https:\/\/seriaz.org\/es\/wp-content\/uploads\/sites\/2\/2022\/09\/chimneysolar-64x42.jpg 64w\" sizes=\"auto, (max-width: 300px) 100vw, 300px\" \/>\t\t\t\t\t\t \n\t\t\t\t\t\t<figcaption>\n\t\t\t\t\t\t\t\t\t\t\t\t\t\t&nbsp;<\/figcaption>\t\t\n\t\t\t\t\t\t<\/figure>\n\t\t\t\t\t<\/div>\n\t\t\t\t\t\t\t\t\t\t<div class=\"slider-gallery-slide\">\n\t\t\t\t\t\t<figure>\n\t\t\t\t\t\t\t\t\t\t\t\t<img loading=\"lazy\" decoding=\"async\" width=\"300\" height=\"300\" src=\"https:\/\/seriaz.org\/es\/wp-content\/uploads\/sites\/2\/2022\/06\/AdobeStock_49684406-300x300.jpeg\" class=\"slide\" alt=\"Solar panel sunlight\" loading=\"1\" srcset=\"https:\/\/seriaz.org\/es\/wp-content\/uploads\/sites\/2\/2022\/06\/AdobeStock_49684406-300x300.jpeg 300w, https:\/\/seriaz.org\/es\/wp-content\/uploads\/sites\/2\/2022\/06\/AdobeStock_49684406-1024x1024.jpeg 1024w, https:\/\/seriaz.org\/es\/wp-content\/uploads\/sites\/2\/2022\/06\/AdobeStock_49684406-150x150.jpeg 150w, https:\/\/seriaz.org\/es\/wp-content\/uploads\/sites\/2\/2022\/06\/AdobeStock_49684406-768x768.jpeg 768w, https:\/\/seriaz.org\/es\/wp-content\/uploads\/sites\/2\/2022\/06\/AdobeStock_49684406-1536x1536.jpeg 1536w, https:\/\/seriaz.org\/es\/wp-content\/uploads\/sites\/2\/2022\/06\/AdobeStock_49684406-2048x2048.jpeg 2048w, https:\/\/seriaz.org\/es\/wp-content\/uploads\/sites\/2\/2022\/06\/AdobeStock_49684406-1200x1200.jpeg 1200w, https:\/\/seriaz.org\/es\/wp-content\/uploads\/sites\/2\/2022\/06\/AdobeStock_49684406-600x600.jpeg 600w, https:\/\/seriaz.org\/es\/wp-content\/uploads\/sites\/2\/2022\/06\/AdobeStock_49684406-160x160.jpeg 160w, https:\/\/seriaz.org\/es\/wp-content\/uploads\/sites\/2\/2022\/06\/AdobeStock_49684406-80x80.jpeg 80w, https:\/\/seriaz.org\/es\/wp-content\/uploads\/sites\/2\/2022\/06\/AdobeStock_49684406-42x42.jpeg 42w, https:\/\/seriaz.org\/es\/wp-content\/uploads\/sites\/2\/2022\/06\/AdobeStock_49684406-90x90.jpeg 90w, https:\/\/seriaz.org\/es\/wp-content\/uploads\/sites\/2\/2022\/06\/AdobeStock_49684406-75x75.jpeg 75w\" sizes=\"auto, (max-width: 300px) 100vw, 300px\" \/>\t\t\t\t\t\t \n\t\t\t\t\t\t<figcaption>\n\t\t\t\t\t\t\t\t\t\t\t\t\t\t&nbsp;<\/figcaption>\t\t\n\t\t\t\t\t\t<\/figure>\n\t\t\t\t\t<\/div>\n\t\t\t\t\t\t\t\t\t\t<div class=\"slider-gallery-slide\">\n\t\t\t\t\t\t<figure>\n\t\t\t\t\t\t\t\t\t\t\t\t<img loading=\"lazy\" decoding=\"async\" width=\"300\" height=\"185\" src=\"https:\/\/seriaz.org\/es\/wp-content\/uploads\/sites\/2\/2022\/06\/AdobeStock_31264994-300x185.jpeg\" class=\"slide\" alt=\"Solar 3d\" loading=\"1\" srcset=\"https:\/\/seriaz.org\/es\/wp-content\/uploads\/sites\/2\/2022\/06\/AdobeStock_31264994-300x185.jpeg 300w, https:\/\/seriaz.org\/es\/wp-content\/uploads\/sites\/2\/2022\/06\/AdobeStock_31264994-1024x630.jpeg 1024w, https:\/\/seriaz.org\/es\/wp-content\/uploads\/sites\/2\/2022\/06\/AdobeStock_31264994-768x473.jpeg 768w, https:\/\/seriaz.org\/es\/wp-content\/uploads\/sites\/2\/2022\/06\/AdobeStock_31264994-1536x946.jpeg 1536w, https:\/\/seriaz.org\/es\/wp-content\/uploads\/sites\/2\/2022\/06\/AdobeStock_31264994-2048x1261.jpeg 2048w, https:\/\/seriaz.org\/es\/wp-content\/uploads\/sites\/2\/2022\/06\/AdobeStock_31264994-260x160.jpeg 260w, https:\/\/seriaz.org\/es\/wp-content\/uploads\/sites\/2\/2022\/06\/AdobeStock_31264994-130x80.jpeg 130w, https:\/\/seriaz.org\/es\/wp-content\/uploads\/sites\/2\/2022\/06\/AdobeStock_31264994-68x42.jpeg 68w\" sizes=\"auto, (max-width: 300px) 100vw, 300px\" \/>\t\t\t\t\t\t \n\t\t\t\t\t\t<figcaption>\n\t\t\t\t\t\t\t\t\t\t\t\t\t\t&nbsp;<\/figcaption>\t\t\n\t\t\t\t\t\t<\/figure>\n\t\t\t\t\t<\/div>\n\t\t\t\t\t\t\t\t\t<\/div><!-- #slider_gallery3305_21920.seriaz-slider-gallery -->\n\t\t\t\t<footer>\n\t\t\t\t\t\t\t\t\t<\/footer>\n\t\t\t<\/article>\n    \n    \n\n\n<section class=\"feed-row\">\n<h2>Pr\u00f3ximos eventos<\/h2><div class=\"seriaz-feed-wrapper\">\n<div>\n    <p><\/p>\n<\/div>\n \n<\/div><!-- .seriaz-feed-wrapper -->\n<\/section>\n\n\n\n\n\n\n<div class=\"wp-block-buttons is-content-justification-center is-layout-flex wp-container-core-buttons-is-layout-16018d1d wp-block-buttons-is-layout-flex\">\n<div class=\"wp-block-button has-custom-width wp-block-button__width-75 is-style-outline is-style-outline--1\"><a class=\"wp-block-button__link has-text-color wp-element-button\" href=\"https:\/\/forms.gle\/HdoRwRz8vzoVEFMTA\" style=\"color:#00b48b\" target=\"_blank\" rel=\"noreferrer noopener\"><strong>APLICA AHORA<\/strong><\/a><\/div>\n<\/div>\n\n\n\n<p class=\"has-text-align-center\">Si tiene preguntas hable con Flor Sandoval <a href=\"mailto:flor.sandoval@seriaz.org\" data-type=\"mailto\" data-id=\"mailto:flor.sandoval@seriaz.org\" target=\"_blank\" rel=\"noreferrer noopener\">flor.sandoval@seriaz.org<\/a>.<\/p>\n","protected":false},"excerpt":{"rendered":"<p>\u00bfEstas buscando hacer tu hogar m\u00e1s eficiente energ\u00e9ticamente? \u00bfEst\u00e1s interesado en ahorrar dinero en tu recibo de energ\u00eda? \u00bfSabes c\u00f3mo funciona la energ\u00eda solar? \u00bfCompa\u00f1\u00edas solares te est\u00e1n diciendo que no usas suficiente electricidad para obtener un sistema solar? La energ\u00eda solar te permite reducir el costo de la energ\u00eda usada en tu hogar, reduce la contaminaci\u00f3n y ayuda a la energ\u00eda independiente. \u00a1Estamos aqu\u00ed para ayudarte! Somos colaboradores con Technicians For Sustainability (TFS) para otorgar pr\u00e9stamos y becas a las familias de bajo ingreso para instalar sistemas solares en sus techos con el fin de crear resiliencia ambiental para las comunidades de bajo ingreso en el \u00e1rea metropolitana de Tucson.<\/p>\n","protected":false},"author":4,"featured_media":0,"parent":140,"menu_order":0,"comment_status":"closed","ping_status":"closed","template":"template-program-logo-fullwidth.php","meta":{"_acf_changed":false,"slim_seo":{"title":"Programa solar empoderamiento -Haga su Hogar Eficiente Energ\u00e9ticamente con Energ\u00eda Solar Sonora Environmental Research Institute","description":"Tome el control de sus costos de energ\u00eda y apoye un futuro m\u00e1s verde con energ\u00eda solar. La energ\u00eda solar puede ayudar a reducir su factura de electricidad, disminuir la contaminaci\u00f3n y promover la independencia energ\u00e9tica. Estamos aqu\u00ed para facilitar el acceso a sistemas solares en los techos para hogares de bajo ingreso en el \u00e1rea metropolitana de Tucson, a trav\u00e9s de asociaciones con Technicians For Sustainability (TFS). Juntos, ofrecemos beca dise\u00f1adas para llevar energ\u00eda solar a quienes m\u00e1s la necesitan y talleres gratuitos de empoderamiento solar, construyendo resiliencia ambiental en nuestra comunidad.","facebook_image":"https:\/\/seriaz.org\/es\/wp-content\/uploads\/sites\/2\/2022\/06\/AdobeStock_64930580-scaled.jpeg","twitter_image":"https:\/\/seriaz.org\/es\/wp-content\/uploads\/sites\/2\/2022\/06\/AdobeStock_64930580-scaled.jpeg"},"footnotes":""},"class_list":["post-3305","page","type-page","status-publish","hentry"],"acf":[],"_links":{"self":[{"href":"https:\/\/seriaz.org\/es\/wp-json\/wp\/v2\/pages\/3305","targetHints":{"allow":["GET"]}}],"collection":[{"href":"https:\/\/seriaz.org\/es\/wp-json\/wp\/v2\/pages"}],"about":[{"href":"https:\/\/seriaz.org\/es\/wp-json\/wp\/v2\/types\/page"}],"author":[{"embeddable":true,"href":"https:\/\/seriaz.org\/es\/wp-json\/wp\/v2\/users\/4"}],"replies":[{"embeddable":true,"href":"https:\/\/seriaz.org\/es\/wp-json\/wp\/v2\/comments?post=3305"}],"version-history":[{"count":56,"href":"https:\/\/seriaz.org\/es\/wp-json\/wp\/v2\/pages\/3305\/revisions"}],"predecessor-version":[{"id":4685,"href":"https:\/\/seriaz.org\/es\/wp-json\/wp\/v2\/pages\/3305\/revisions\/4685"}],"up":[{"embeddable":true,"href":"https:\/\/seriaz.org\/es\/wp-json\/wp\/v2\/pages\/140"}],"wp:attachment":[{"href":"https:\/\/seriaz.org\/es\/wp-json\/wp\/v2\/media?parent=3305"}],"curies":[{"name":"wp","href":"https:\/\/api.w.org\/{rel}","templated":true}]}}